{"id":979,"date":"2020-11-30T22:40:58","date_gmt":"2020-11-30T22:40:58","guid":{"rendered":"https:\/\/die-gesundhalter.de\/?page_id=979"},"modified":"2023-09-24T10:28:17","modified_gmt":"2023-09-24T10:28:17","slug":"freude-und-genuss-an-gesunder-ernaehrung","status":"publish","type":"page","link":"https:\/\/die-gesundhalter.de\/?page_id=979","title":{"rendered":"Freude und Genuss an gesunder Ern\u00e4hrung"},"content":{"rendered":"\t\t<div data-elementor-type=\"wp-page\" data-elementor-id=\"979\" class=\"elementor elementor-979\" data-elementor-post-type=\"page\">\n\t\t\t\t\t\t<section class=\"elementor-section elementor-top-section elementor-element elementor-element-5a172bf elementor-section-boxed elementor-section-height-default elementor-section-height-default\" data-id=\"5a172bf\" data-element_type=\"section\" data-e-type=\"section\">\n\t\t\t\t\t\t<div class=\"elementor-container elementor-column-gap-default\">\n\t\t\t\t\t<div class=\"elementor-column elementor-col-100 elementor-top-column elementor-element elementor-element-efed667\" data-id=\"efed667\" data-element_type=\"column\" data-e-type=\"column\">\n\t\t\t<div class=\"elementor-widget-wrap elementor-element-populated\">\n\t\t\t\t\t\t<div class=\"elementor-element elementor-element-96bfd9b elementor-widget elementor-widget-spacer\" data-id=\"96bfd9b\" data-element_type=\"widget\" data-e-type=\"widget\" data-widget_type=\"spacer.default\">\n\t\t\t\t<div class=\"elementor-widget-container\">\n\t\t\t\t\t\t\t<div class=\"elementor-spacer\">\n\t\t\t<div class=\"elementor-spacer-inner\"><\/div>\n\t\t<\/div>\n\t\t\t\t\t\t<\/div>\n\t\t\t\t<\/div>\n\t\t\t\t\t<\/div>\n\t\t<\/div>\n\t\t\t\t\t<\/div>\n\t\t<\/section>\n\t\t\t\t<section class=\"elementor-section elementor-top-section elementor-element elementor-element-6262777 elementor-section-boxed elementor-section-height-default elementor-section-height-default\" data-id=\"6262777\" data-element_type=\"section\" data-e-type=\"section\">\n\t\t\t\t\t\t<div class=\"elementor-container elementor-column-gap-default\">\n\t\t\t\t\t<div class=\"elementor-column elementor-col-100 elementor-top-column elementor-element elementor-element-30741b2\" data-id=\"30741b2\" data-element_type=\"column\" data-e-type=\"column\">\n\t\t\t<div class=\"elementor-widget-wrap elementor-element-populated\">\n\t\t\t\t\t\t<div class=\"elementor-element elementor-element-91f980f elementor-widget elementor-widget-image\" data-id=\"91f980f\" data-element_type=\"widget\" data-e-type=\"widget\" data-widget_type=\"image.default\">\n\t\t\t\t<div class=\"elementor-widget-container\">\n\t\t\t\t\t\t\t\t\t\t\t\t\t\t\t<img decoding=\"async\" src=\"https:\/\/die-gesundhalter.de\/wp-content\/uploads\/2020\/11\/Freude-und-Genuss-an-gesunder-Ernaehrung-2-1.png\" title=\"Freude und Genuss an gesunder Ern\u00e4hrung 2\" alt=\"Freude und Genuss an gesunder Ern\u00e4hrung 2\" loading=\"lazy\" \/>\t\t\t\t\t\t\t\t\t\t\t\t\t\t\t<\/div>\n\t\t\t\t<\/div>\n\t\t\t\t\t<\/div>\n\t\t<\/div>\n\t\t\t\t\t<\/div>\n\t\t<\/section>\n\t\t\t\t<section class=\"elementor-section elementor-top-section elementor-element elementor-element-86147f4 elementor-section-boxed elementor-section-height-default elementor-section-height-default\" data-id=\"86147f4\" data-element_type=\"section\" data-e-type=\"section\">\n\t\t\t\t\t\t<div class=\"elementor-container elementor-column-gap-default\">\n\t\t\t\t\t<div class=\"elementor-column elementor-col-100 elementor-top-column elementor-element elementor-element-77e8ca0\" data-id=\"77e8ca0\" data-element_type=\"column\" data-e-type=\"column\">\n\t\t\t<div class=\"elementor-widget-wrap elementor-element-populated\">\n\t\t\t\t\t\t<div class=\"elementor-element elementor-element-29020a7 elementor-widget elementor-widget-accordion\" data-id=\"29020a7\" data-element_type=\"widget\" data-e-type=\"widget\" data-widget_type=\"accordion.default\">\n\t\t\t\t<div class=\"elementor-widget-container\">\n\t\t\t\t\t\t\t<div class=\"elementor-accordion\">\n\t\t\t\t\t\t\t<div class=\"elementor-accordion-item\">\n\t\t\t\t\t<div id=\"elementor-tab-title-4291\" class=\"elementor-tab-title\" data-tab=\"1\" role=\"button\" aria-controls=\"elementor-tab-content-4291\" aria-expanded=\"false\">\n\t\t\t\t\t\t\t\t\t\t\t\t\t<span class=\"elementor-accordion-icon elementor-accordion-icon-left\" aria-hidden=\"true\">\n\t\t\t\t\t\t\t\t\t\t\t\t\t\t\t<span class=\"elementor-accordion-icon-closed\"><i class=\"fas fa-plus\"><\/i><\/span>\n\t\t\t\t\t\t\t\t<span class=\"elementor-accordion-icon-opened\"><i class=\"fas fa-minus\"><\/i><\/span>\n\t\t\t\t\t\t\t\t\t\t\t\t\t\t<\/span>\n\t\t\t\t\t\t\t\t\t\t\t\t<a class=\"elementor-accordion-title\" tabindex=\"0\">Inhalt<\/a>\n\t\t\t\t\t<\/div>\n\t\t\t\t\t<div id=\"elementor-tab-content-4291\" class=\"elementor-tab-content elementor-clearfix\" data-tab=\"1\" role=\"region\" aria-labelledby=\"elementor-tab-title-4291\"><p><b style=\"mso-bidi-font-weight: normal;\"><span lang=\"DE-CH\">&#8222;Essen ist ein Bed\u00fcrfnis, Genie\u00dfen ist eine Kunst&#8220;<\/span><\/b><b style=\"mso-bidi-font-weight: normal;\"> <\/b><b style=\"mso-bidi-font-weight: normal;\"><span style=\"font-size: 12.0pt;\" lang=\"DE-CH\">(La Rouchefoucauld)<\/span><\/b><\/p>\n<p><span lang=\"DE-CH\">Genie\u00dfen Sie Ihre Mahlzeiten oder f\u00fchlen Sie sich im Ern\u00e4hrungsdschungel der tausend Empfehlungen etwas desorientiert oder vielleicht schon \u00fcberfordert?<\/span> <span lang=\"DE-CH\">Dabei sollte der Genuss an erster Stelle stehen, nicht nur vern\u00fcnftige Nahrungsaufnahme sein. Ja, gesund, ausgewogen, m\u00f6glichst frisch und bunt, saisonal und regional.<\/span> <span lang=\"DE-CH\">Eigentlich so, wie unsere M\u00fctter oder Omas kochten. Uns freudvoll zu ern\u00e4hren kann wirklich einfach und genussvoll sein und gar nicht kompliziert.<\/span> <span lang=\"DE-CH\">Dabei ist es tats\u00e4chlich so, dass es keine einheitlichen Empfehlungen geben kann, denn Un-Vertr\u00e4glichkeiten, Vorlieben, Lebensgewohnheiten und Umst\u00e4nde sind so unterschiedlich wie wir selbst. Dabei ist es wichtig, dass Lebens-Energie aus ausgewogener Nahrung geliefert wird, damit Sie aktiv und zufrieden Ihren Alltag meistern. Entdecken und erleben Sie das Kochen wieder neu, als Bereicherung und sinnliche Besch\u00e4ftigung, und nicht als leidiges Muss.<\/span><span lang=\"DE-CH\"> Genie\u00dfen Sie die Mahlzeiten in angenehmer Atmosph\u00e4re und keineswegs nebenbei. Achtsames Essen, um alles Sinne zu sch\u00e4rfen. Auch von Zeit zu Zeit kleine Ausfl\u00fcge zu Pommes, Pizza, Pasta, Torten sind erlaubt und ohne schlechtes Gewissen zu genie\u00dfssen &#8211; wenn diese nicht allt\u00e4glich werden.<\/span> <span lang=\"DE-CH\">Wir m\u00f6chten Ihnen gerne helfen sich besser im Ern\u00e4hrungsdschungel zurechtzufinden.<\/span><span lang=\"DE-CH\"> Dabei k\u00f6nnen Sie die unterschiedlichsten Fragen und Situationen besch\u00e4ftigen. Was ist gesunde Ern\u00e4hrung \u00fcberhaupt? Essen Ihre Kinder gerne Spaghetti ohne Sosse, am liebsten t\u00e4glich? Die Quetschis-Falle und Tricks mit \u00abKinderlebensmitteln\u00bb<\/span><span lang=\"DE-CH\">. Lohnt es sich teuere \u00abSuperfoods\u00bb zu kaufen? Was ist nun alles Zucker und was nicht?<span style=\"mso-spacerun: yes;\">&nbsp; <\/span>Wo ist am meisten versteckter Zucker zu finden? Was gibt es f\u00fcr schmackhafte Alternativen? Vielleicht brauchen Sie Tipps zu Ern\u00e4hrung bei Schichtdiensten.<\/span><\/p>\n<p><span lang=\"DE-CH\">Wir sind gerne f\u00fcr Sie da, sprechen Sie uns an.<\/span><\/p><\/div>\n\t\t\t\t<\/div>\n\t\t\t\t\t\t\t<div class=\"elementor-accordion-item\">\n\t\t\t\t\t<div id=\"elementor-tab-title-4292\" class=\"elementor-tab-title\" data-tab=\"2\" role=\"button\" aria-controls=\"elementor-tab-content-4292\" aria-expanded=\"false\">\n\t\t\t\t\t\t\t\t\t\t\t\t\t<span class=\"elementor-accordion-icon elementor-accordion-icon-left\" aria-hidden=\"true\">\n\t\t\t\t\t\t\t\t\t\t\t\t\t\t\t<span class=\"elementor-accordion-icon-closed\"><i class=\"fas fa-plus\"><\/i><\/span>\n\t\t\t\t\t\t\t\t<span class=\"elementor-accordion-icon-opened\"><i class=\"fas fa-minus\"><\/i><\/span>\n\t\t\t\t\t\t\t\t\t\t\t\t\t\t<\/span>\n\t\t\t\t\t\t\t\t\t\t\t\t<a class=\"elementor-accordion-title\" tabindex=\"0\">Zielgruppe<\/a>\n\t\t\t\t\t<\/div>\n\t\t\t\t\t<div id=\"elementor-tab-content-4292\" class=\"elementor-tab-content elementor-clearfix\" data-tab=\"2\" role=\"region\" aria-labelledby=\"elementor-tab-title-4292\"><div id=\"elementor-tab-content-7172\" class=\"elementor-tab-content elementor-clearfix elementor-active\" style=\"display: block;\" role=\"tabpanel\" data-tab=\"2\" aria-labelledby=\"elementor-tab-title-7172\"><p>Mitarbeiter*innen und F\u00fchrungskr\u00e4fte in Unternehmen; Selbst\u00e4ndige; Privatpersonen<\/p><p>Wir passen unser Angebot der entsprechenden Zielgruppe individuell an<\/p><\/div><\/div>\n\t\t\t\t<\/div>\n\t\t\t\t\t\t\t<div class=\"elementor-accordion-item\">\n\t\t\t\t\t<div id=\"elementor-tab-title-4293\" class=\"elementor-tab-title\" data-tab=\"3\" role=\"button\" aria-controls=\"elementor-tab-content-4293\" aria-expanded=\"false\">\n\t\t\t\t\t\t\t\t\t\t\t\t\t<span class=\"elementor-accordion-icon elementor-accordion-icon-left\" aria-hidden=\"true\">\n\t\t\t\t\t\t\t\t\t\t\t\t\t\t\t<span class=\"elementor-accordion-icon-closed\"><i class=\"fas fa-plus\"><\/i><\/span>\n\t\t\t\t\t\t\t\t<span class=\"elementor-accordion-icon-opened\"><i class=\"fas fa-minus\"><\/i><\/span>\n\t\t\t\t\t\t\t\t\t\t\t\t\t\t<\/span>\n\t\t\t\t\t\t\t\t\t\t\t\t<a class=\"elementor-accordion-title\" tabindex=\"0\">Methode<\/a>\n\t\t\t\t\t<\/div>\n\t\t\t\t\t<div id=\"elementor-tab-content-4293\" class=\"elementor-tab-content elementor-clearfix\" data-tab=\"3\" role=\"region\" aria-labelledby=\"elementor-tab-title-4293\"><p>Workshop &#8211; Online oder als Pr\u00e4senzveranstaltung m\u00f6glich<\/p><p>Einzelcoaching<br><\/p><\/div>\n\t\t\t\t<\/div>\n\t\t\t\t\t\t\t<div class=\"elementor-accordion-item\">\n\t\t\t\t\t<div id=\"elementor-tab-title-4294\" class=\"elementor-tab-title\" data-tab=\"4\" role=\"button\" aria-controls=\"elementor-tab-content-4294\" aria-expanded=\"false\">\n\t\t\t\t\t\t\t\t\t\t\t\t\t<span class=\"elementor-accordion-icon elementor-accordion-icon-left\" aria-hidden=\"true\">\n\t\t\t\t\t\t\t\t\t\t\t\t\t\t\t<span class=\"elementor-accordion-icon-closed\"><i class=\"fas fa-plus\"><\/i><\/span>\n\t\t\t\t\t\t\t\t<span class=\"elementor-accordion-icon-opened\"><i class=\"fas fa-minus\"><\/i><\/span>\n\t\t\t\t\t\t\t\t\t\t\t\t\t\t<\/span>\n\t\t\t\t\t\t\t\t\t\t\t\t<a class=\"elementor-accordion-title\" tabindex=\"0\">Referent*innen<\/a>\n\t\t\t\t\t<\/div>\n\t\t\t\t\t<div id=\"elementor-tab-content-4294\" class=\"elementor-tab-content elementor-clearfix\" data-tab=\"4\" role=\"region\" aria-labelledby=\"elementor-tab-title-4294\"><p><a href=\"https:\/\/die-gesundhalter.de\/?page_id=232\">Uta Engler<\/a><\/p><p><a href=\"https:\/\/die-gesundhalter.de\/?page_id=232\">Nathalie Klaus<\/a><\/p><\/div>\n\t\t\t\t<\/div>\n\t\t\t\t\t\t\t<div class=\"elementor-accordion-item\">\n\t\t\t\t\t<div id=\"elementor-tab-title-4295\" class=\"elementor-tab-title\" data-tab=\"5\" role=\"button\" aria-controls=\"elementor-tab-content-4295\" aria-expanded=\"false\">\n\t\t\t\t\t\t\t\t\t\t\t\t\t<span class=\"elementor-accordion-icon elementor-accordion-icon-left\" aria-hidden=\"true\">\n\t\t\t\t\t\t\t\t\t\t\t\t\t\t\t<span class=\"elementor-accordion-icon-closed\"><i class=\"fas fa-plus\"><\/i><\/span>\n\t\t\t\t\t\t\t\t<span class=\"elementor-accordion-icon-opened\"><i class=\"fas fa-minus\"><\/i><\/span>\n\t\t\t\t\t\t\t\t\t\t\t\t\t\t<\/span>\n\t\t\t\t\t\t\t\t\t\t\t\t<a class=\"elementor-accordion-title\" tabindex=\"0\">Anfrage<\/a>\n\t\t\t\t\t<\/div>\n\t\t\t\t\t<div id=\"elementor-tab-content-4295\" class=\"elementor-tab-content elementor-clearfix\" data-tab=\"5\" role=\"region\" aria-labelledby=\"elementor-tab-title-4295\"><p>Wir freuen uns auf eine <a href=\"https:\/\/die-gesundhalter.de\/?page_id=137\">Nachricht\u00a0<\/a><\/p><\/div>\n\t\t\t\t<\/div>\n\t\t\t\t\t\t\t\t<\/div>\n\t\t\t\t\t\t<\/div>\n\t\t\t\t<\/div>\n\t\t\t\t\t<\/div>\n\t\t<\/div>\n\t\t\t\t\t<\/div>\n\t\t<\/section>\n\t\t\t\t<\/div>\n\t\t","protected":false},"excerpt":{"rendered":"<p>Inhalt &#8222;Essen ist ein Bed\u00fcrfnis, Genie\u00dfen ist eine Kunst&#8220; (La Rouchefoucauld) Genie\u00dfen Sie Ihre Mahlzeiten oder f\u00fchlen Sie sich im Ern\u00e4hrungsdschungel der tausend Empfehlungen etwas desorientiert oder vielleicht schon \u00fcberfordert? Dabei sollte der Genuss an erster Stelle stehen, nicht nur vern\u00fcnftige Nahrungsaufnahme sein. Ja, gesund, ausgewogen, m\u00f6glichst frisch und bunt, saisonal und regional. Eigentlich so, [&hellip;]<\/p>\n","protected":false},"author":1,"featured_media":0,"parent":0,"menu_order":0,"comment_status":"closed","ping_status":"closed","template":"","meta":{"footnotes":""},"class_list":["post-979","page","type-page","status-publish","hentry"],"_links":{"self":[{"href":"https:\/\/die-gesundhalter.de\/index.php?rest_route=\/wp\/v2\/pages\/979","targetHints":{"allow":["GET"]}}],"collection":[{"href":"https:\/\/die-gesundhalter.de\/index.php?rest_route=\/wp\/v2\/pages"}],"about":[{"href":"https:\/\/die-gesundhalter.de\/index.php?rest_route=\/wp\/v2\/types\/page"}],"author":[{"embeddable":true,"href":"https:\/\/die-gesundhalter.de\/index.php?rest_route=\/wp\/v2\/users\/1"}],"replies":[{"embeddable":true,"href":"https:\/\/die-gesundhalter.de\/index.php?rest_route=%2Fwp%2Fv2%2Fcomments&post=979"}],"version-history":[{"count":11,"href":"https:\/\/die-gesundhalter.de\/index.php?rest_route=\/wp\/v2\/pages\/979\/revisions"}],"predecessor-version":[{"id":1202,"href":"https:\/\/die-gesundhalter.de\/index.php?rest_route=\/wp\/v2\/pages\/979\/revisions\/1202"}],"wp:attachment":[{"href":"https:\/\/die-gesundhalter.de\/index.php?rest_route=%2Fwp%2Fv2%2Fmedia&parent=979"}],"curies":[{"name":"wp","href":"https:\/\/api.w.org\/{rel}","templated":true}]}}