{"id":967,"date":"2020-11-30T22:13:55","date_gmt":"2020-11-30T22:13:55","guid":{"rendered":"https:\/\/die-gesundhalter.de\/?page_id=967"},"modified":"2023-09-24T10:32:13","modified_gmt":"2023-09-24T10:32:13","slug":"tabakentwoehnung","status":"publish","type":"page","link":"https:\/\/die-gesundhalter.de\/?page_id=967","title":{"rendered":"Tabakentw\u00f6hnung"},"content":{"rendered":"\t\t<div data-elementor-type=\"wp-page\" data-elementor-id=\"967\" class=\"elementor elementor-967\" data-elementor-post-type=\"page\">\n\t\t\t\t\t\t<section class=\"elementor-section elementor-top-section elementor-element elementor-element-2567b9f elementor-section-boxed elementor-section-height-default elementor-section-height-default\" data-id=\"2567b9f\" data-element_type=\"section\" data-e-type=\"section\">\n\t\t\t\t\t\t<div class=\"elementor-container elementor-column-gap-default\">\n\t\t\t\t\t<div class=\"elementor-column elementor-col-100 elementor-top-column elementor-element elementor-element-f47111f\" data-id=\"f47111f\" data-element_type=\"column\" data-e-type=\"column\">\n\t\t\t<div class=\"elementor-widget-wrap\">\n\t\t\t\t\t\t\t<\/div>\n\t\t<\/div>\n\t\t\t\t\t<\/div>\n\t\t<\/section>\n\t\t\t\t<section class=\"elementor-section elementor-top-section elementor-element elementor-element-c56370d elementor-section-boxed elementor-section-height-default elementor-section-height-default\" data-id=\"c56370d\" data-element_type=\"section\" data-e-type=\"section\">\n\t\t\t\t\t\t<div class=\"elementor-container elementor-column-gap-default\">\n\t\t\t\t\t<div class=\"elementor-column elementor-col-100 elementor-top-column elementor-element elementor-element-c9fbce4\" data-id=\"c9fbce4\" data-element_type=\"column\" data-e-type=\"column\">\n\t\t\t<div class=\"elementor-widget-wrap elementor-element-populated\">\n\t\t\t\t\t\t<div class=\"elementor-element elementor-element-7626e7f elementor-widget elementor-widget-image\" data-id=\"7626e7f\" data-element_type=\"widget\" data-e-type=\"widget\" data-widget_type=\"image.default\">\n\t\t\t\t<div class=\"elementor-widget-container\">\n\t\t\t\t\t\t\t\t\t\t\t\t\t\t\t<img decoding=\"async\" src=\"https:\/\/die-gesundhalter.de\/wp-content\/uploads\/2020\/11\/Tabakentwoehnung-2.png\" title=\"Tabakentw\u00f6hnung 2\" alt=\"Tabakentw\u00f6hnung 2\" loading=\"lazy\" \/>\t\t\t\t\t\t\t\t\t\t\t\t\t\t\t<\/div>\n\t\t\t\t<\/div>\n\t\t\t\t\t<\/div>\n\t\t<\/div>\n\t\t\t\t\t<\/div>\n\t\t<\/section>\n\t\t\t\t<section class=\"elementor-section elementor-top-section elementor-element elementor-element-81097f2 elementor-section-boxed elementor-section-height-default elementor-section-height-default\" data-id=\"81097f2\" data-element_type=\"section\" data-e-type=\"section\">\n\t\t\t\t\t\t<div class=\"elementor-container elementor-column-gap-default\">\n\t\t\t\t\t<div class=\"elementor-column elementor-col-100 elementor-top-column elementor-element elementor-element-3acee44\" data-id=\"3acee44\" data-element_type=\"column\" data-e-type=\"column\">\n\t\t\t<div class=\"elementor-widget-wrap elementor-element-populated\">\n\t\t\t\t\t\t<div class=\"elementor-element elementor-element-f70ad28 elementor-widget elementor-widget-accordion\" data-id=\"f70ad28\" data-element_type=\"widget\" data-e-type=\"widget\" data-widget_type=\"accordion.default\">\n\t\t\t\t<div class=\"elementor-widget-container\">\n\t\t\t\t\t\t\t<div class=\"elementor-accordion\">\n\t\t\t\t\t\t\t<div class=\"elementor-accordion-item\">\n\t\t\t\t\t<div id=\"elementor-tab-title-2591\" class=\"elementor-tab-title\" data-tab=\"1\" role=\"button\" aria-controls=\"elementor-tab-content-2591\" aria-expanded=\"false\">\n\t\t\t\t\t\t\t\t\t\t\t\t\t<span class=\"elementor-accordion-icon elementor-accordion-icon-left\" aria-hidden=\"true\">\n\t\t\t\t\t\t\t\t\t\t\t\t\t\t\t<span class=\"elementor-accordion-icon-closed\"><i class=\"fas fa-plus\"><\/i><\/span>\n\t\t\t\t\t\t\t\t<span class=\"elementor-accordion-icon-opened\"><i class=\"fas fa-minus\"><\/i><\/span>\n\t\t\t\t\t\t\t\t\t\t\t\t\t\t<\/span>\n\t\t\t\t\t\t\t\t\t\t\t\t<a class=\"elementor-accordion-title\" tabindex=\"0\">Inhalt<\/a>\n\t\t\t\t\t<\/div>\n\t\t\t\t\t<div id=\"elementor-tab-content-2591\" class=\"elementor-tab-content elementor-clearfix\" data-tab=\"1\" role=\"region\" aria-labelledby=\"elementor-tab-title-2591\"><p>Mit einem Rauchstopp treffen Sie die beste Entscheidung f\u00fcr Ihre Gesundheit und auch f\u00fcr Ihre pers\u00f6nliche Freiheit.<\/p>\n<p>Wir wollen Ihnen eine wertsch\u00e4tzende Begleitung auf Ihrem Weg in die Rauchfreiheit anbieten. Diese wird sich ganz individuell gestalten. Wir werden partnerschaftlich einen f\u00fcr Sie passenden Weg finden und Sie begleiten. Dazu geh\u00f6ren die Wirkweise des Nikotins zu verstehen und damit auch, warum es nicht an der pers\u00f6nlichen \u00abSchw\u00e4che\u00bb liegt, dass eventuell vergangene Rauchstoppversuche nicht gelungen sind, oder nur kurzfristig. Keine Angst, das ist v\u00f6llig normal. Nur die wenigsten Raucher schaffen einen Ausstieg auf Anhieb. Schliesslich ist die Zigarette meist viele Jahre ein t\u00e4glicher Begleiter geworden und hat Ihrem Alltag Struktur und manchmal sogar Halt gegeben.&nbsp; Das Gute ist, man kann sich jederzeit gegen das Rauchen entscheiden. Denn Nikotin behindert die Entfaltung Ihres eigenen Potentials. Sie werden Quellen entdecken, die Sie st\u00e4rken und Ihnen wieder Zugang zu sehr vielen positiven Ver\u00e4nderungen erschliessen. Der Rauchstopp wird ein Gewinn sein und kein Verlust. Der Abschied von der Zigarette f\u00e4llt immer leichter, Sie werden schon sehr bald Verbesserungen sp\u00fcren. Diese kann man beispielsweise mit Kohlenmonoxidmessungen nachweisen. Ein so sch\u00f6ner messbarer Erfolg, schon wenige Tage nach einem Rauchstopp. Wir werden mit Ihnen zusammen Alternativen und Strategien finden, die Ihnen helfen, die Zigarette auf angenehme Weise zu ersetzen. Die eigene Entscheidung des Loslassens der Sucht bedeutet innerer Wachstum. Sie werden dankbar und stolz sein und ein Triumph sp\u00fcren, wie gut sich die neue Idendit\u00e4t als Nicht-mehr-Raucher anf\u00fchlt. <br><\/p>\n<p>Wir durften schon so vielen Menschen erfolgreich in diese Freiheit begleiten &#8211; mit unserer professionellen Expertise und jahrelanger Erfahrung.<\/p>\n<p>Ab sofort bieten wir unterst\u00fctzend NADA Ohrakupunktur an. Diese Behandlung kann Sie bei einem Rauchstopp wesentlich unterst\u00fctzen und st\u00e4rken.<\/p>\n<p>Sehr gerne m\u00f6chten wir auch Schwangere und deren Partner bei einem Rauchstopp unterst\u00fctzen.<\/p><\/div>\n\t\t\t\t<\/div>\n\t\t\t\t\t\t\t<div class=\"elementor-accordion-item\">\n\t\t\t\t\t<div id=\"elementor-tab-title-2592\" class=\"elementor-tab-title\" data-tab=\"2\" role=\"button\" aria-controls=\"elementor-tab-content-2592\" aria-expanded=\"false\">\n\t\t\t\t\t\t\t\t\t\t\t\t\t<span class=\"elementor-accordion-icon elementor-accordion-icon-left\" aria-hidden=\"true\">\n\t\t\t\t\t\t\t\t\t\t\t\t\t\t\t<span class=\"elementor-accordion-icon-closed\"><i class=\"fas fa-plus\"><\/i><\/span>\n\t\t\t\t\t\t\t\t<span class=\"elementor-accordion-icon-opened\"><i class=\"fas fa-minus\"><\/i><\/span>\n\t\t\t\t\t\t\t\t\t\t\t\t\t\t<\/span>\n\t\t\t\t\t\t\t\t\t\t\t\t<a class=\"elementor-accordion-title\" tabindex=\"0\">Zielgruppe<\/a>\n\t\t\t\t\t<\/div>\n\t\t\t\t\t<div id=\"elementor-tab-content-2592\" class=\"elementor-tab-content elementor-clearfix\" data-tab=\"2\" role=\"region\" aria-labelledby=\"elementor-tab-title-2592\"><p>Raucher*innen, die gerne ihren Weg in die Rauchfreiheit gehen m\u00f6chten<\/p>\n<p>Schwangere und Partner*innen<br><\/p><\/div>\n\t\t\t\t<\/div>\n\t\t\t\t\t\t\t<div class=\"elementor-accordion-item\">\n\t\t\t\t\t<div id=\"elementor-tab-title-2593\" class=\"elementor-tab-title\" data-tab=\"3\" role=\"button\" aria-controls=\"elementor-tab-content-2593\" aria-expanded=\"false\">\n\t\t\t\t\t\t\t\t\t\t\t\t\t<span class=\"elementor-accordion-icon elementor-accordion-icon-left\" aria-hidden=\"true\">\n\t\t\t\t\t\t\t\t\t\t\t\t\t\t\t<span class=\"elementor-accordion-icon-closed\"><i class=\"fas fa-plus\"><\/i><\/span>\n\t\t\t\t\t\t\t\t<span class=\"elementor-accordion-icon-opened\"><i class=\"fas fa-minus\"><\/i><\/span>\n\t\t\t\t\t\t\t\t\t\t\t\t\t\t<\/span>\n\t\t\t\t\t\t\t\t\t\t\t\t<a class=\"elementor-accordion-title\" tabindex=\"0\">Methode<\/a>\n\t\t\t\t\t<\/div>\n\t\t\t\t\t<div id=\"elementor-tab-content-2593\" class=\"elementor-tab-content elementor-clearfix\" data-tab=\"3\" role=\"region\" aria-labelledby=\"elementor-tab-title-2593\"><p>Workshop &#8211; Online oder als Pr\u00e4senzveranstaltung m\u00f6glich<\/p><p>Einzelcoaching<br><\/p><\/div>\n\t\t\t\t<\/div>\n\t\t\t\t\t\t\t<div class=\"elementor-accordion-item\">\n\t\t\t\t\t<div id=\"elementor-tab-title-2594\" class=\"elementor-tab-title\" data-tab=\"4\" role=\"button\" aria-controls=\"elementor-tab-content-2594\" aria-expanded=\"false\">\n\t\t\t\t\t\t\t\t\t\t\t\t\t<span class=\"elementor-accordion-icon elementor-accordion-icon-left\" aria-hidden=\"true\">\n\t\t\t\t\t\t\t\t\t\t\t\t\t\t\t<span class=\"elementor-accordion-icon-closed\"><i class=\"fas fa-plus\"><\/i><\/span>\n\t\t\t\t\t\t\t\t<span class=\"elementor-accordion-icon-opened\"><i class=\"fas fa-minus\"><\/i><\/span>\n\t\t\t\t\t\t\t\t\t\t\t\t\t\t<\/span>\n\t\t\t\t\t\t\t\t\t\t\t\t<a class=\"elementor-accordion-title\" tabindex=\"0\">Referent*innen<\/a>\n\t\t\t\t\t<\/div>\n\t\t\t\t\t<div id=\"elementor-tab-content-2594\" class=\"elementor-tab-content elementor-clearfix\" data-tab=\"4\" role=\"region\" aria-labelledby=\"elementor-tab-title-2594\"><p><a href=\"https:\/\/die-gesundhalter.de\/?page_id=232\">Uta Engler<\/a><\/p><p><a href=\"https:\/\/die-gesundhalter.de\/?page_id=232\">Nathalie Klaus<\/a><\/p><\/div>\n\t\t\t\t<\/div>\n\t\t\t\t\t\t\t<div class=\"elementor-accordion-item\">\n\t\t\t\t\t<div id=\"elementor-tab-title-2595\" class=\"elementor-tab-title\" data-tab=\"5\" role=\"button\" aria-controls=\"elementor-tab-content-2595\" aria-expanded=\"false\">\n\t\t\t\t\t\t\t\t\t\t\t\t\t<span class=\"elementor-accordion-icon elementor-accordion-icon-left\" aria-hidden=\"true\">\n\t\t\t\t\t\t\t\t\t\t\t\t\t\t\t<span class=\"elementor-accordion-icon-closed\"><i class=\"fas fa-plus\"><\/i><\/span>\n\t\t\t\t\t\t\t\t<span class=\"elementor-accordion-icon-opened\"><i class=\"fas fa-minus\"><\/i><\/span>\n\t\t\t\t\t\t\t\t\t\t\t\t\t\t<\/span>\n\t\t\t\t\t\t\t\t\t\t\t\t<a class=\"elementor-accordion-title\" tabindex=\"0\">Anfrage<\/a>\n\t\t\t\t\t<\/div>\n\t\t\t\t\t<div id=\"elementor-tab-content-2595\" class=\"elementor-tab-content elementor-clearfix\" data-tab=\"5\" role=\"region\" aria-labelledby=\"elementor-tab-title-2595\"><p>Wir freuen uns auf eine <a href=\"https:\/\/die-gesundhalter.de\/?page_id=137\">Nachricht\u00a0<\/a><\/p><\/div>\n\t\t\t\t<\/div>\n\t\t\t\t\t\t\t\t<\/div>\n\t\t\t\t\t\t<\/div>\n\t\t\t\t<\/div>\n\t\t\t\t\t<\/div>\n\t\t<\/div>\n\t\t\t\t\t<\/div>\n\t\t<\/section>\n\t\t\t\t<\/div>\n\t\t","protected":false},"excerpt":{"rendered":"<p>Inhalt Mit einem Rauchstopp treffen Sie die beste Entscheidung f\u00fcr Ihre Gesundheit und auch f\u00fcr Ihre pers\u00f6nliche Freiheit. Wir wollen Ihnen eine wertsch\u00e4tzende Begleitung auf Ihrem Weg in die Rauchfreiheit anbieten. Diese wird sich ganz individuell gestalten. Wir werden partnerschaftlich einen f\u00fcr Sie passenden Weg finden und Sie begleiten. Dazu geh\u00f6ren die Wirkweise des Nikotins [&hellip;]<\/p>\n","protected":false},"author":1,"featured_media":0,"parent":0,"menu_order":0,"comment_status":"closed","ping_status":"closed","template":"","meta":{"footnotes":""},"class_list":["post-967","page","type-page","status-publish","hentry"],"_links":{"self":[{"href":"https:\/\/die-gesundhalter.de\/index.php?rest_route=\/wp\/v2\/pages\/967","targetHints":{"allow":["GET"]}}],"collection":[{"href":"https:\/\/die-gesundhalter.de\/index.php?rest_route=\/wp\/v2\/pages"}],"about":[{"href":"https:\/\/die-gesundhalter.de\/index.php?rest_route=\/wp\/v2\/types\/page"}],"author":[{"embeddable":true,"href":"https:\/\/die-gesundhalter.de\/index.php?rest_route=\/wp\/v2\/users\/1"}],"replies":[{"embeddable":true,"href":"https:\/\/die-gesundhalter.de\/index.php?rest_route=%2Fwp%2Fv2%2Fcomments&post=967"}],"version-history":[{"count":9,"href":"https:\/\/die-gesundhalter.de\/index.php?rest_route=\/wp\/v2\/pages\/967\/revisions"}],"predecessor-version":[{"id":1214,"href":"https:\/\/die-gesundhalter.de\/index.php?rest_route=\/wp\/v2\/pages\/967\/revisions\/1214"}],"wp:attachment":[{"href":"https:\/\/die-gesundhalter.de\/index.php?rest_route=%2Fwp%2Fv2%2Fmedia&parent=967"}],"curies":[{"name":"wp","href":"https:\/\/api.w.org\/{rel}","templated":true}]}}