{"id":85,"date":"2020-05-02T14:01:31","date_gmt":"2020-05-02T14:01:31","guid":{"rendered":"http:\/\/die-gesundhalter.de\/?page_id=85"},"modified":"2020-11-21T18:09:44","modified_gmt":"2020-11-21T18:09:44","slug":"elementor-85","status":"publish","type":"page","link":"https:\/\/die-gesundhalter.de\/?page_id=85","title":{"rendered":"Was wir tun"},"content":{"rendered":"\t\t<div data-elementor-type=\"wp-post\" data-elementor-id=\"85\" class=\"elementor elementor-85\" data-elementor-post-type=\"page\">\n\t\t\t\t\t\t<section class=\"elementor-section elementor-top-section elementor-element elementor-element-e6c2522 elementor-section-height-min-height elementor-section-items-bottom elementor-section-boxed elementor-section-height-default\" data-id=\"e6c2522\" data-element_type=\"section\" data-e-type=\"section\" data-settings=\"{&quot;background_background&quot;:&quot;gradient&quot;,&quot;shape_divider_bottom&quot;:&quot;waves&quot;}\">\n\t\t\t\t\t\t\t<div class=\"elementor-background-overlay\"><\/div>\n\t\t\t\t\t\t<div class=\"elementor-shape elementor-shape-bottom\" aria-hidden=\"true\" data-negative=\"false\">\n\t\t\t<svg xmlns=\"http:\/\/www.w3.org\/2000\/svg\" viewBox=\"0 0 1000 100\" preserveAspectRatio=\"none\">\n\t<path class=\"elementor-shape-fill\" d=\"M421.9,6.5c22.6-2.5,51.5,0.4,75.5,5.3c23.6,4.9,70.9,23.5,100.5,35.7c75.8,32.2,133.7,44.5,192.6,49.7\n\tc23.6,2.1,48.7,3.5,103.4-2.5c54.7-6,106.2-25.6,106.2-25.6V0H0v30.3c0,0,72,32.6,158.4,30.5c39.2-0.7,92.8-6.7,134-22.4\n\tc21.2-8.1,52.2-18.2,79.7-24.2C399.3,7.9,411.6,7.5,421.9,6.5z\"\/>\n<\/svg>\t\t<\/div>\n\t\t\t\t\t<div class=\"elementor-container elementor-column-gap-default\">\n\t\t\t\t\t<div class=\"elementor-column elementor-col-100 elementor-top-column elementor-element elementor-element-5755ca85\" data-id=\"5755ca85\" data-element_type=\"column\" data-e-type=\"column\">\n\t\t\t<div class=\"elementor-widget-wrap elementor-element-populated\">\n\t\t\t\t\t\t<div class=\"elementor-element elementor-element-6284df0f elementor-widget elementor-widget-heading\" data-id=\"6284df0f\" data-element_type=\"widget\" data-e-type=\"widget\" data-widget_type=\"heading.default\">\n\t\t\t\t<div class=\"elementor-widget-container\">\n\t\t\t\t\t<h1 class=\"elementor-heading-title elementor-size-default\">Was wir f\u00fcr Sie tun k\u00f6nnen<\/h1>\t\t\t\t<\/div>\n\t\t\t\t<\/div>\n\t\t\t\t<div class=\"elementor-element elementor-element-649f10bf elementor-widget elementor-widget-heading\" data-id=\"649f10bf\" data-element_type=\"widget\" data-e-type=\"widget\" data-widget_type=\"heading.default\">\n\t\t\t\t<div class=\"elementor-widget-container\">\n\t\t\t\t\t<h3 class=\"elementor-heading-title elementor-size-default\">Wir helfen Ihnen und Ihren Mitarbeitern, gesund zu bleiben!<\/h3>\t\t\t\t<\/div>\n\t\t\t\t<\/div>\n\t\t\t\t<div class=\"elementor-element elementor-element-aa75f26 elementor-widget__width-initial elementor-fixed elementor-widget elementor-widget-button\" data-id=\"aa75f26\" data-element_type=\"widget\" data-e-type=\"widget\" data-settings=\"{&quot;_position&quot;:&quot;fixed&quot;}\" data-widget_type=\"button.default\">\n\t\t\t\t<div class=\"elementor-widget-container\">\n\t\t\t\t\t\t\t\t\t<div class=\"elementor-button-wrapper\">\n\t\t\t\t\t<a class=\"elementor-button elementor-button-link elementor-size-md\" href=\"https:\/\/die-gesundhalter.de\/?page_id=137\">\n\t\t\t\t\t\t<span class=\"elementor-button-content-wrapper\">\n\t\t\t\t\t\t<span class=\"elementor-button-icon\">\n\t\t\t\t<i aria-hidden=\"true\" class=\"fas fa-envelope\"><\/i>\t\t\t<\/span>\n\t\t\t\t\t\t\t\t<\/span>\n\t\t\t\t\t<\/a>\n\t\t\t\t<\/div>\n\t\t\t\t\t\t\t\t<\/div>\n\t\t\t\t<\/div>\n\t\t\t\t\t<\/div>\n\t\t<\/div>\n\t\t\t\t\t<\/div>\n\t\t<\/section>\n\t\t\t\t<section class=\"elementor-section elementor-top-section elementor-element elementor-element-f1d3ae3 elementor-section-boxed elementor-section-height-default elementor-section-height-default\" data-id=\"f1d3ae3\" data-element_type=\"section\" data-e-type=\"section\">\n\t\t\t\t\t\t<div class=\"elementor-container elementor-column-gap-default\">\n\t\t\t\t\t<div class=\"elementor-column elementor-col-100 elementor-top-column elementor-element elementor-element-59f16c6\" data-id=\"59f16c6\" data-element_type=\"column\" data-e-type=\"column\">\n\t\t\t<div class=\"elementor-widget-wrap elementor-element-populated\">\n\t\t\t\t\t\t<div class=\"elementor-element elementor-element-802644d elementor-pagination-position-outside elementor-widget elementor-widget-image-carousel\" data-id=\"802644d\" data-element_type=\"widget\" data-e-type=\"widget\" data-settings=\"{&quot;slides_to_show&quot;:&quot;1&quot;,&quot;navigation&quot;:&quot;dots&quot;,&quot;autoplay&quot;:&quot;yes&quot;,&quot;pause_on_hover&quot;:&quot;yes&quot;,&quot;pause_on_interaction&quot;:&quot;yes&quot;,&quot;autoplay_speed&quot;:5000,&quot;infinite&quot;:&quot;yes&quot;,&quot;effect&quot;:&quot;slide&quot;,&quot;speed&quot;:500}\" data-widget_type=\"image-carousel.default\">\n\t\t\t\t<div class=\"elementor-widget-container\">\n\t\t\t\t\t\t\t<div class=\"elementor-image-carousel-wrapper swiper\" role=\"region\" aria-roledescription=\"carousel\" aria-label=\"Bild Karussell\" dir=\"ltr\">\n\t\t\t<div class=\"elementor-image-carousel swiper-wrapper\" aria-live=\"off\">\n\t\t\t\t\t\t\t\t<div class=\"swiper-slide\" role=\"group\" aria-roledescription=\"slide\" aria-label=\"1 von 9\"><a data-elementor-open-lightbox=\"yes\" data-elementor-lightbox-slideshow=\"802644d\" data-elementor-lightbox-title=\"Stressmanagement3\" data-e-action-hash=\"#elementor-action%3Aaction%3Dlightbox%26settings%3DeyJpZCI6Nzk2LCJ1cmwiOiJodHRwczpcL1wvZGllLWdlc3VuZGhhbHRlci5kZVwvd3AtY29udGVudFwvdXBsb2Fkc1wvMjAyMFwvMTFcL1N0cmVzc21hbmFnZW1lbnQzLnBuZyIsInNsaWRlc2hvdyI6IjgwMjY0NGQifQ%3D%3D\" href=\"https:\/\/die-gesundhalter.de\/?page_id=337\"><figure class=\"swiper-slide-inner\"><img decoding=\"async\" class=\"swiper-slide-image\" src=\"https:\/\/die-gesundhalter.de\/wp-content\/uploads\/2020\/11\/Stressmanagement3.png\" alt=\"Stressmanagement3\" \/><\/figure><\/a><\/div><div class=\"swiper-slide\" role=\"group\" aria-roledescription=\"slide\" aria-label=\"2 von 9\"><a data-elementor-open-lightbox=\"yes\" data-elementor-lightbox-slideshow=\"802644d\" data-elementor-lightbox-title=\"Business yoga 2\" data-e-action-hash=\"#elementor-action%3Aaction%3Dlightbox%26settings%3DeyJpZCI6ODY1LCJ1cmwiOiJodHRwczpcL1wvZGllLWdlc3VuZGhhbHRlci5kZVwvd3AtY29udGVudFwvdXBsb2Fkc1wvMjAyMFwvMTFcL0J1c2luZXNzLXlvZ2EtMi0yLnBuZyIsInNsaWRlc2hvdyI6IjgwMjY0NGQifQ%3D%3D\" href=\"https:\/\/die-gesundhalter.de\/?page_id=337\"><figure class=\"swiper-slide-inner\"><img decoding=\"async\" class=\"swiper-slide-image\" src=\"https:\/\/die-gesundhalter.de\/wp-content\/uploads\/2020\/11\/Business-yoga-2-2.png\" alt=\"Business yoga 2\" \/><\/figure><\/a><\/div><div class=\"swiper-slide\" role=\"group\" aria-roledescription=\"slide\" aria-label=\"3 von 9\"><a data-elementor-open-lightbox=\"yes\" data-elementor-lightbox-slideshow=\"802644d\" data-elementor-lightbox-title=\"Hui Chun Gong\" data-e-action-hash=\"#elementor-action%3Aaction%3Dlightbox%26settings%3DeyJpZCI6ODQ1LCJ1cmwiOiJodHRwczpcL1wvZGllLWdlc3VuZGhhbHRlci5kZVwvd3AtY29udGVudFwvdXBsb2Fkc1wvMjAyMFwvMTFcL0h1aS1DaHVuLUdvbmctMS5wbmciLCJzbGlkZXNob3ciOiI4MDI2NDRkIn0%3D\" href=\"https:\/\/die-gesundhalter.de\/?page_id=337\"><figure class=\"swiper-slide-inner\"><img decoding=\"async\" class=\"swiper-slide-image\" src=\"https:\/\/die-gesundhalter.de\/wp-content\/uploads\/2020\/11\/Hui-Chun-Gong-1.png\" alt=\"Hui Chun Gong\" \/><\/figure><\/a><\/div><div class=\"swiper-slide\" role=\"group\" aria-roledescription=\"slide\" aria-label=\"4 von 9\"><a data-elementor-open-lightbox=\"yes\" data-elementor-lightbox-slideshow=\"802644d\" data-elementor-lightbox-title=\"Shiatsu 2\" data-e-action-hash=\"#elementor-action%3Aaction%3Dlightbox%26settings%3DeyJpZCI6ODY3LCJ1cmwiOiJodHRwczpcL1wvZGllLWdlc3VuZGhhbHRlci5kZVwvd3AtY29udGVudFwvdXBsb2Fkc1wvMjAyMFwvMTFcL1NoaWF0c3UtMi5wbmciLCJzbGlkZXNob3ciOiI4MDI2NDRkIn0%3D\" href=\"https:\/\/die-gesundhalter.de\/?page_id=337\"><figure class=\"swiper-slide-inner\"><img decoding=\"async\" class=\"swiper-slide-image\" src=\"https:\/\/die-gesundhalter.de\/wp-content\/uploads\/2020\/11\/Shiatsu-2.png\" alt=\"Shiatsu 2\" \/><\/figure><\/a><\/div><div class=\"swiper-slide\" role=\"group\" aria-roledescription=\"slide\" aria-label=\"5 von 9\"><a data-elementor-open-lightbox=\"yes\" data-elementor-lightbox-slideshow=\"802644d\" data-elementor-lightbox-title=\"Freude und Genuss an gesunder Ern\u00e4hrung 2\" data-e-action-hash=\"#elementor-action%3Aaction%3Dlightbox%26settings%3DeyJpZCI6ODQxLCJ1cmwiOiJodHRwczpcL1wvZGllLWdlc3VuZGhhbHRlci5kZVwvd3AtY29udGVudFwvdXBsb2Fkc1wvMjAyMFwvMTFcL0ZyZXVkZS11bmQtR2VudXNzLWFuLWdlc3VuZGVyLUVybmFlaHJ1bmctMi5wbmciLCJzbGlkZXNob3ciOiI4MDI2NDRkIn0%3D\" href=\"https:\/\/die-gesundhalter.de\/?page_id=337\"><figure class=\"swiper-slide-inner\"><img decoding=\"async\" class=\"swiper-slide-image\" src=\"https:\/\/die-gesundhalter.de\/wp-content\/uploads\/2020\/11\/Freude-und-Genuss-an-gesunder-Ernaehrung-2.png\" alt=\"Freude und Genuss an gesunder Ern\u00e4hrung 2\" \/><\/figure><\/a><\/div><div class=\"swiper-slide\" role=\"group\" aria-roledescription=\"slide\" aria-label=\"6 von 9\"><a data-elementor-open-lightbox=\"yes\" data-elementor-lightbox-slideshow=\"802644d\" data-elementor-lightbox-title=\"Tabakentw\u00f6hnung 2\" data-e-action-hash=\"#elementor-action%3Aaction%3Dlightbox%26settings%3DeyJpZCI6ODY5LCJ1cmwiOiJodHRwczpcL1wvZGllLWdlc3VuZGhhbHRlci5kZVwvd3AtY29udGVudFwvdXBsb2Fkc1wvMjAyMFwvMTFcL1RhYmFrZW50d29laG51bmctMi5wbmciLCJzbGlkZXNob3ciOiI4MDI2NDRkIn0%3D\" href=\"https:\/\/die-gesundhalter.de\/?page_id=337\"><figure class=\"swiper-slide-inner\"><img decoding=\"async\" class=\"swiper-slide-image\" src=\"https:\/\/die-gesundhalter.de\/wp-content\/uploads\/2020\/11\/Tabakentwoehnung-2.png\" alt=\"Tabakentw\u00f6hnung 2\" \/><\/figure><\/a><\/div><div class=\"swiper-slide\" role=\"group\" aria-roledescription=\"slide\" aria-label=\"7 von 9\"><a data-elementor-open-lightbox=\"yes\" data-elementor-lightbox-slideshow=\"802644d\" data-elementor-lightbox-title=\"Balance bewahren &amp; Selbstf\u00fcrsorge mit Logo\" data-e-action-hash=\"#elementor-action%3Aaction%3Dlightbox%26settings%3DeyJpZCI6ODM0LCJ1cmwiOiJodHRwczpcL1wvZGllLWdlc3VuZGhhbHRlci5kZVwvd3AtY29udGVudFwvdXBsb2Fkc1wvMjAyMFwvMTFcL0JhbGFuY2UtYmV3YWhyZW4tU2VsYnN0ZnVlcnNvcmdlLW1pdC1Mb2dvLnBuZyIsInNsaWRlc2hvdyI6IjgwMjY0NGQifQ%3D%3D\" href=\"https:\/\/die-gesundhalter.de\/?page_id=337\"><figure class=\"swiper-slide-inner\"><img decoding=\"async\" class=\"swiper-slide-image\" src=\"https:\/\/die-gesundhalter.de\/wp-content\/uploads\/2020\/11\/Balance-bewahren-Selbstfuersorge-mit-Logo.png\" alt=\"Balance bewahren &amp; Selbstf\u00fcrsorge mit Logo\" \/><\/figure><\/a><\/div><div class=\"swiper-slide\" role=\"group\" aria-roledescription=\"slide\" aria-label=\"8 von 9\"><a data-elementor-open-lightbox=\"yes\" data-elementor-lightbox-slideshow=\"802644d\" data-elementor-lightbox-title=\"Pilates2\" data-e-action-hash=\"#elementor-action%3Aaction%3Dlightbox%26settings%3DeyJpZCI6ODAxLCJ1cmwiOiJodHRwczpcL1wvZGllLWdlc3VuZGhhbHRlci5kZVwvd3AtY29udGVudFwvdXBsb2Fkc1wvMjAyMFwvMTFcL1BpbGF0ZXMyLTMucG5nIiwic2xpZGVzaG93IjoiODAyNjQ0ZCJ9\" href=\"https:\/\/die-gesundhalter.de\/?page_id=337\"><figure class=\"swiper-slide-inner\"><img decoding=\"async\" class=\"swiper-slide-image\" src=\"https:\/\/die-gesundhalter.de\/wp-content\/uploads\/2020\/11\/Pilates2-3.png\" alt=\"Pilates2\" \/><\/figure><\/a><\/div><div class=\"swiper-slide\" role=\"group\" aria-roledescription=\"slide\" aria-label=\"9 von 9\"><a data-elementor-open-lightbox=\"yes\" data-elementor-lightbox-slideshow=\"802644d\" data-elementor-lightbox-title=\"Individuelles Gesundheitscoaching2\" data-e-action-hash=\"#elementor-action%3Aaction%3Dlightbox%26settings%3DeyJpZCI6Nzk1LCJ1cmwiOiJodHRwczpcL1wvZGllLWdlc3VuZGhhbHRlci5kZVwvd3AtY29udGVudFwvdXBsb2Fkc1wvMjAyMFwvMTFcL0luZGl2aWR1ZWxsZXMtR2VzdW5kaGVpdHNjb2FjaGluZzIucG5nIiwic2xpZGVzaG93IjoiODAyNjQ0ZCJ9\" href=\"https:\/\/die-gesundhalter.de\/?page_id=337\"><figure class=\"swiper-slide-inner\"><img decoding=\"async\" class=\"swiper-slide-image\" src=\"https:\/\/die-gesundhalter.de\/wp-content\/uploads\/2020\/11\/Individuelles-Gesundheitscoaching2.png\" alt=\"Individuelles Gesundheitscoaching2\" \/><\/figure><\/a><\/div>\t\t\t<\/div>\n\t\t\t\t\t\t\t\n\t\t\t\t\t\t\t\t\t<div class=\"swiper-pagination\"><\/div>\n\t\t\t\t\t\t\t\t\t<\/div>\n\t\t\t\t\t\t<\/div>\n\t\t\t\t<\/div>\n\t\t\t\t\t<\/div>\n\t\t<\/div>\n\t\t\t\t\t<\/div>\n\t\t<\/section>\n\t\t\t\t<section class=\"elementor-section elementor-top-section elementor-element elementor-element-44eae253 elementor-section-height-min-height elementor-section-boxed elementor-section-height-default elementor-section-items-middle\" data-id=\"44eae253\" data-element_type=\"section\" data-e-type=\"section\" data-settings=\"{&quot;background_background&quot;:&quot;classic&quot;}\">\n\t\t\t\t\t\t\t<div class=\"elementor-background-overlay\"><\/div>\n\t\t\t\t\t\t\t<div class=\"elementor-container elementor-column-gap-default\">\n\t\t\t\t\t<div class=\"elementor-column elementor-col-100 elementor-top-column elementor-element elementor-element-2364706\" data-id=\"2364706\" data-element_type=\"column\" data-e-type=\"column\">\n\t\t\t<div class=\"elementor-widget-wrap elementor-element-populated\">\n\t\t\t\t\t\t<section class=\"elementor-section elementor-inner-section elementor-element elementor-element-5c7b1c31 elementor-section-boxed elementor-section-height-default elementor-section-height-default\" data-id=\"5c7b1c31\" data-element_type=\"section\" data-e-type=\"section\">\n\t\t\t\t\t\t<div class=\"elementor-container elementor-column-gap-default\">\n\t\t\t\t\t<div class=\"elementor-column elementor-col-100 elementor-inner-column elementor-element elementor-element-1e4a41f4\" data-id=\"1e4a41f4\" data-element_type=\"column\" data-e-type=\"column\">\n\t\t\t<div class=\"elementor-widget-wrap elementor-element-populated\">\n\t\t\t\t\t\t<div class=\"elementor-element elementor-element-29b12ebd elementor-widget elementor-widget-text-editor\" data-id=\"29b12ebd\" data-element_type=\"widget\" data-e-type=\"widget\" data-widget_type=\"text-editor.default\">\n\t\t\t\t<div class=\"elementor-widget-container\">\n\t\t\t\t\t\t\t\t\t<p style=\"text-align: left;\">Wir unterst\u00fctzen Sie engagiert in Themenangeboten, wie<\/p><ul><li style=\"text-align: left;\">Gesundheitscoaching<\/li><li style=\"text-align: left;\">Yoga &amp; Entspannung<\/li><li style=\"text-align: left;\">Stress-Management<\/li><li style=\"text-align: left;\">Tabakentw\u00f6hnung<\/li><li style=\"text-align: left;\">Naturp\u00e4dagogik<\/li><li style=\"text-align: left;\">Gesunde Ern\u00e4hrung<\/li><li style=\"text-align: left;\">Motivierende Gespr\u00e4chsf\u00fchrung<\/li><\/ul><p style=\"text-align: left;\">\u00a0<\/p><p style=\"text-align: left;\">Die jeweilige Zielsetzung, konkrete Konzeptgestaltung und zeitliche Umsetzung entwickeln wir gerne individuell.<\/p><p style=\"text-align: left;\">Sollten Sie zus\u00e4tzliche thematische W\u00fcnsche haben, die Sie aktuell nicht in unserer Angebotsliste\u00a0 finden, sprechen Sie uns bitte darauf an.<\/p><h4 style=\"text-align: left;\">Firmen-Special<\/h4><p style=\"text-align: left;\">In Zusammenarbeit mit kompetenten Partner*innen erweitern wir unser Angebot um:<\/p><ul><li style=\"text-align: left;\">Pilates<\/li><li style=\"text-align: left;\">Nordic Walking<\/li><li style=\"text-align: left;\">Shiatsu<\/li><li style=\"text-align: left;\">Hui Chun Gong<\/li><\/ul>\t\t\t\t\t\t\t\t<\/div>\n\t\t\t\t<\/div>\n\t\t\t\t\t<\/div>\n\t\t<\/div>\n\t\t\t\t\t<\/div>\n\t\t<\/section>\n\t\t\t\t\t<\/div>\n\t\t<\/div>\n\t\t\t\t\t<\/div>\n\t\t<\/section>\n\t\t\t\t<section class=\"elementor-section elementor-top-section elementor-element elementor-element-edd2b10 elementor-section-boxed elementor-section-height-default elementor-section-height-default\" data-id=\"edd2b10\" data-element_type=\"section\" data-e-type=\"section\">\n\t\t\t\t\t\t<div class=\"elementor-container elementor-column-gap-default\">\n\t\t\t\t\t<div class=\"elementor-column elementor-col-100 elementor-top-column elementor-element elementor-element-98ffd72\" data-id=\"98ffd72\" data-element_type=\"column\" data-e-type=\"column\">\n\t\t\t<div class=\"elementor-widget-wrap\">\n\t\t\t\t\t\t\t<\/div>\n\t\t<\/div>\n\t\t\t\t\t<\/div>\n\t\t<\/section>\n\t\t\t\t<\/div>\n\t\t","protected":false},"excerpt":{"rendered":"<p>Was wir f\u00fcr Sie tun k\u00f6nnen Wir helfen Ihnen und Ihren Mitarbeitern, gesund zu bleiben! Wir unterst\u00fctzen Sie engagiert in Themenangeboten, wie Gesundheitscoaching Yoga &amp; Entspannung Stress-Management Tabakentw\u00f6hnung Naturp\u00e4dagogik Gesunde Ern\u00e4hrung Motivierende Gespr\u00e4chsf\u00fchrung \u00a0 Die jeweilige Zielsetzung, konkrete Konzeptgestaltung und zeitliche Umsetzung entwickeln wir gerne individuell. Sollten Sie zus\u00e4tzliche thematische W\u00fcnsche haben, die Sie aktuell [&hellip;]<\/p>\n","protected":false},"author":1,"featured_media":0,"parent":0,"menu_order":0,"comment_status":"closed","ping_status":"closed","template":"elementor_header_footer","meta":{"footnotes":""},"class_list":["post-85","page","type-page","status-publish","hentry"],"_links":{"self":[{"href":"https:\/\/die-gesundhalter.de\/index.php?rest_route=\/wp\/v2\/pages\/85","targetHints":{"allow":["GET"]}}],"collection":[{"href":"https:\/\/die-gesundhalter.de\/index.php?rest_route=\/wp\/v2\/pages"}],"about":[{"href":"https:\/\/die-gesundhalter.de\/index.php?rest_route=\/wp\/v2\/types\/page"}],"author":[{"embeddable":true,"href":"https:\/\/die-gesundhalter.de\/index.php?rest_route=\/wp\/v2\/users\/1"}],"replies":[{"embeddable":true,"href":"https:\/\/die-gesundhalter.de\/index.php?rest_route=%2Fwp%2Fv2%2Fcomments&post=85"}],"version-history":[{"count":36,"href":"https:\/\/die-gesundhalter.de\/index.php?rest_route=\/wp\/v2\/pages\/85\/revisions"}],"predecessor-version":[{"id":871,"href":"https:\/\/die-gesundhalter.de\/index.php?rest_route=\/wp\/v2\/pages\/85\/revisions\/871"}],"wp:attachment":[{"href":"https:\/\/die-gesundhalter.de\/index.php?rest_route=%2Fwp%2Fv2%2Fmedia&parent=85"}],"curies":[{"name":"wp","href":"https:\/\/api.w.org\/{rel}","templated":true}]}}